{"id":679,"date":"2019-11-12T09:45:47","date_gmt":"2019-11-12T09:45:47","guid":{"rendered":"https:\/\/agathelosay.com\/contact\/"},"modified":"2020-12-21T17:23:30","modified_gmt":"2020-12-21T17:23:30","slug":"contact","status":"publish","type":"page","link":"https:\/\/agathelosay.com\/en\/contact\/","title":{"rendered":"Contact"},"content":{"rendered":"\t\t<div data-elementor-type=\"wp-post\" data-elementor-id=\"679\" class=\"elementor elementor-679 elementor-591\" data-elementor-post-type=\"page\">\n\t\t\t\t\t\t<section class=\"elementor-section elementor-top-section elementor-element elementor-element-aea2b34 elementor-section-stretched elementor-section-full_width elementor-section-height-default elementor-section-height-default parallax_section_no qode_elementor_container_no\" data-id=\"aea2b34\" data-element_type=\"section\" data-settings=\"{&quot;stretch_section&quot;:&quot;section-stretched&quot;,&quot;background_background&quot;:&quot;classic&quot;}\">\n\t\t\t\t\t\t<div class=\"elementor-container elementor-column-gap-default\">\n\t\t\t\t\t<div class=\"elementor-column elementor-col-50 elementor-top-column elementor-element elementor-element-2fe0aa2\" data-id=\"2fe0aa2\" data-element_type=\"column\">\n\t\t\t<div class=\"elementor-widget-wrap elementor-element-populated\">\n\t\t\t\t\t\t<div class=\"elementor-element elementor-element-8909120 elementor-widget elementor-widget-bridge_advanced_image_gallery\" data-id=\"8909120\" data-element_type=\"widget\" data-widget_type=\"bridge_advanced_image_gallery.default\">\n\t\t\t\t<div class=\"elementor-widget-container\">\n\t\t\t\t\t<div class=\"qode-advanced-image-gallery  qode-aig-grid-type qode-no-space  qode-image-behavior-custom-link \">\n\t<div class=\"qode-aig-inner qode-outer-space qode-aig-grid qode-aig-three-columns\">\n\t\t\t\t\t<div class=\"qode-aig-image qode-item-space\">\n\t\t\t\t<div class=\"qode-aig-image-inner\">\n\t\t\t\t\t\t\t\t\t\t\t<a itemprop=\"url\" class=\"qode-aig-custom-link\" href=\"https:\/\/agathelosay.com\/produit\/geisha-soie-carre-geisha-bleu-mauve\/\" target=\"_self\" title=\"Photo-contact-1\">\n\t\t\t\t\t\t\t\t\t\t\t<img fetchpriority=\"high\" decoding=\"async\" width=\"610\" height=\"800\" src=\"https:\/\/agathelosay.com\/wp-content\/uploads\/2020\/01\/Photo-contact-1.jpg\" class=\"attachment-full size-full\" alt=\"\" srcset=\"https:\/\/agathelosay.com\/wp-content\/uploads\/2020\/01\/Photo-contact-1.jpg 610w, https:\/\/agathelosay.com\/wp-content\/uploads\/2020\/01\/Photo-contact-1-600x787.jpg 600w, https:\/\/agathelosay.com\/wp-content\/uploads\/2020\/01\/Photo-contact-1-229x300.jpg 229w\" sizes=\"(max-width: 610px) 100vw, 610px\" \/>\t\t\t\t\t\t<span class=\"aig-gallery-hover\">\n\t\t\t\t\t\t\t\t\t\t\t\t\t<\/span>\n\t\t\t\t\t\t\t\t\t\t\t<\/a>\n\t\t\t\t\t\t\t\t\t<\/div>\n\t\t\t<\/div>\n\t\t\t\t\t\t\t\t<div class=\"qode-aig-image qode-item-space\">\n\t\t\t\t<div class=\"qode-aig-image-inner\">\n\t\t\t\t\t\t\t\t\t\t\t<a itemprop=\"url\" class=\"qode-aig-custom-link\" href=\"https:\/\/agathelosay.com\/produit\/carre-soie-goyesque-orange-2\/\" target=\"_self\" title=\"Photo-contact-2\">\n\t\t\t\t\t\t\t\t\t\t\t<img decoding=\"async\" width=\"610\" height=\"800\" src=\"https:\/\/agathelosay.com\/wp-content\/uploads\/2020\/01\/Photo-contact-2.jpg\" class=\"attachment-full size-full\" alt=\"\" srcset=\"https:\/\/agathelosay.com\/wp-content\/uploads\/2020\/01\/Photo-contact-2.jpg 610w, https:\/\/agathelosay.com\/wp-content\/uploads\/2020\/01\/Photo-contact-2-600x787.jpg 600w, https:\/\/agathelosay.com\/wp-content\/uploads\/2020\/01\/Photo-contact-2-229x300.jpg 229w\" sizes=\"(max-width: 610px) 100vw, 610px\" \/>\t\t\t\t\t\t<span class=\"aig-gallery-hover\">\n\t\t\t\t\t\t\t\t\t\t\t\t\t<\/span>\n\t\t\t\t\t\t\t\t\t\t\t<\/a>\n\t\t\t\t\t\t\t\t\t<\/div>\n\t\t\t<\/div>\n\t\t\t\t\t\t\t\t<div class=\"qode-aig-image qode-item-space\">\n\t\t\t\t<div class=\"qode-aig-image-inner\">\n\t\t\t\t\t\t\t\t\t\t\t<a itemprop=\"url\" class=\"qode-aig-custom-link\" href=\"https:\/\/agathelosay.com\/produit\/carre-crepe-soie-geisha-rouge\/\" target=\"_self\" title=\"Photo-contact-3\">\n\t\t\t\t\t\t\t\t\t\t\t<img decoding=\"async\" width=\"610\" height=\"800\" src=\"https:\/\/agathelosay.com\/wp-content\/uploads\/2020\/01\/Photo-contact-3.jpg\" class=\"attachment-full size-full\" alt=\"\" srcset=\"https:\/\/agathelosay.com\/wp-content\/uploads\/2020\/01\/Photo-contact-3.jpg 610w, https:\/\/agathelosay.com\/wp-content\/uploads\/2020\/01\/Photo-contact-3-600x787.jpg 600w, https:\/\/agathelosay.com\/wp-content\/uploads\/2020\/01\/Photo-contact-3-229x300.jpg 229w\" sizes=\"(max-width: 610px) 100vw, 610px\" \/>\t\t\t\t\t\t<span class=\"aig-gallery-hover\">\n\t\t\t\t\t\t\t\t\t\t\t\t\t<\/span>\n\t\t\t\t\t\t\t\t\t\t\t<\/a>\n\t\t\t\t\t\t\t\t\t<\/div>\n\t\t\t<\/div>\n\t\t\t\t\t\t<\/div>\n<\/div>\t\t\t\t<\/div>\n\t\t\t\t<\/div>\n\t\t\t\t\t<\/div>\n\t\t<\/div>\n\t\t\t\t<div class=\"elementor-column elementor-col-50 elementor-top-column elementor-element elementor-element-2761e4e\" data-id=\"2761e4e\" data-element_type=\"column\">\n\t\t\t<div class=\"elementor-widget-wrap elementor-element-populated\">\n\t\t\t\t\t\t<div class=\"elementor-element elementor-element-29814c9 elementor-widget-divider--view-line_text elementor-widget-divider--element-align-center elementor-widget elementor-widget-divider\" data-id=\"29814c9\" data-element_type=\"widget\" data-widget_type=\"divider.default\">\n\t\t\t\t<div class=\"elementor-widget-container\">\n\t\t\t\t\t\t\t<div class=\"elementor-divider\">\n\t\t\t<span class=\"elementor-divider-separator\">\n\t\t\t\t\t\t\t<span class=\"elementor-divider__text elementor-divider__element\">\n\t\t\t\t<h3>BESOIN D'INFORMATIONS ?<\/h3>\t\t\t\t<\/span>\n\t\t\t\t\t\t<\/span>\n\t\t<\/div>\n\t\t\t\t\t\t<\/div>\n\t\t\t\t<\/div>\n\t\t\t\t<div class=\"elementor-element elementor-element-28b01da elementor-widget elementor-widget-text-editor\" data-id=\"28b01da\" data-element_type=\"widget\" data-widget_type=\"text-editor.default\">\n\t\t\t\t<div class=\"elementor-widget-container\">\n\t\t\t\t\t\t\t\t\t<p style=\"text-align: center;\">Merci de remplir le formulaire ci-dessous, nous reviendrons vers vous dans les plus brefs d\u00e9lais.<\/p><p style=\"text-align: center;\"><strong>Standard t\u00e9l\u00e9phonique \u2013\u00a0<\/strong><strong>Lundi au Vendredi \u2013\u00a0<\/strong>\u00a0<strong>9h30 \u00e0 16h30<\/strong><\/p><p style=\"text-align: center;\"><strong>+33 6 11 10 28 69<br \/><\/strong><\/p><div id=\"sconnect-is-installed\" style=\"display: none;\">\u00a0<\/div><div id=\"sconnect-is-installed\" style=\"display: none;\">\u00a0<\/div>\t\t\t\t\t\t\t\t<\/div>\n\t\t\t\t<\/div>\n\t\t\t\t<div class=\"elementor-element elementor-element-2d8c934 elementor-button-align-stretch elementor-widget elementor-widget-form\" data-id=\"2d8c934\" data-element_type=\"widget\" data-settings=\"{&quot;button_width&quot;:&quot;20&quot;,&quot;step_next_label&quot;:&quot;Suivant&quot;,&quot;step_previous_label&quot;:&quot;Pr\\u00e9c\\u00e9dent&quot;,&quot;step_type&quot;:&quot;number_text&quot;,&quot;step_icon_shape&quot;:&quot;circle&quot;}\" data-widget_type=\"form.default\">\n\t\t\t\t<div class=\"elementor-widget-container\">\n\t\t\t\t\t\t\t<form class=\"elementor-form\" method=\"post\" name=\"Nouveau formulaire\" aria-label=\"Nouveau formulaire\">\n\t\t\t<input type=\"hidden\" name=\"post_id\" value=\"679\"\/>\n\t\t\t<input type=\"hidden\" name=\"form_id\" value=\"2d8c934\"\/>\n\t\t\t<input type=\"hidden\" name=\"referer_title\" value=\"Contact - Agathe Losay\" \/>\n\n\t\t\t\t\t\t\t<input type=\"hidden\" name=\"queried_id\" value=\"679\"\/>\n\t\t\t\n\t\t\t<div class=\"elementor-form-fields-wrapper elementor-labels-\">\n\t\t\t\t\t\t\t\t<div class=\"elementor-field-type-text elementor-field-group elementor-column elementor-field-group-name elementor-col-50 elementor-field-required\">\n\t\t\t\t\t\t\t\t\t\t\t\t<label for=\"form-field-name\" class=\"elementor-field-label elementor-screen-only\">\n\t\t\t\t\t\t\t\tPr\u00e9nom\t\t\t\t\t\t\t<\/label>\n\t\t\t\t\t\t\t\t\t\t\t\t\t\t<input size=\"1\" type=\"text\" name=\"form_fields[name]\" id=\"form-field-name\" class=\"elementor-field elementor-size-sm  elementor-field-textual\" placeholder=\"Pr\u00e9nom*\" required=\"required\">\n\t\t\t\t\t\t\t\t\t\t\t<\/div>\n\t\t\t\t\t\t\t\t<div class=\"elementor-field-type-text elementor-field-group elementor-column elementor-field-group-field_9a99c8a elementor-col-50 elementor-field-required\">\n\t\t\t\t\t\t\t\t\t\t\t\t<label for=\"form-field-field_9a99c8a\" class=\"elementor-field-label elementor-screen-only\">\n\t\t\t\t\t\t\t\tNom\t\t\t\t\t\t\t<\/label>\n\t\t\t\t\t\t\t\t\t\t\t\t\t\t<input size=\"1\" type=\"text\" name=\"form_fields[field_9a99c8a]\" id=\"form-field-field_9a99c8a\" class=\"elementor-field elementor-size-sm  elementor-field-textual\" placeholder=\"Nom*\" required=\"required\">\n\t\t\t\t\t\t\t\t\t\t\t<\/div>\n\t\t\t\t\t\t\t\t<div class=\"elementor-field-type-tel elementor-field-group elementor-column elementor-field-group-email elementor-col-50 elementor-field-required\">\n\t\t\t\t\t\t\t\t\t\t\t\t<label for=\"form-field-email\" class=\"elementor-field-label elementor-screen-only\">\n\t\t\t\t\t\t\t\ttel\t\t\t\t\t\t\t<\/label>\n\t\t\t\t\t\t\t\t<input size=\"1\" type=\"tel\" name=\"form_fields[email]\" id=\"form-field-email\" class=\"elementor-field elementor-size-sm  elementor-field-textual\" placeholder=\"T\u00e9l\u00e9phone*\" required=\"required\" pattern=\"[0-9()#&amp;+*-=.]+\" title=\"Only numbers and phone characters (#, -, *, etc) are accepted.\">\n\n\t\t\t\t\t\t<\/div>\n\t\t\t\t\t\t\t\t<div class=\"elementor-field-type-email elementor-field-group elementor-column elementor-field-group-field_39c833e elementor-col-50 elementor-field-required\">\n\t\t\t\t\t\t\t\t\t\t\t\t<label for=\"form-field-field_39c833e\" class=\"elementor-field-label elementor-screen-only\">\n\t\t\t\t\t\t\t\tE-mail\t\t\t\t\t\t\t<\/label>\n\t\t\t\t\t\t\t\t\t\t\t\t\t\t<input size=\"1\" type=\"email\" name=\"form_fields[field_39c833e]\" id=\"form-field-field_39c833e\" class=\"elementor-field elementor-size-sm  elementor-field-textual\" placeholder=\"E-mail*\" required=\"required\">\n\t\t\t\t\t\t\t\t\t\t\t<\/div>\n\t\t\t\t\t\t\t\t<div class=\"elementor-field-type-text elementor-field-group elementor-column elementor-field-group-field_170f716 elementor-col-50 elementor-field-required\">\n\t\t\t\t\t\t\t\t\t\t\t\t<label for=\"form-field-field_170f716\" class=\"elementor-field-label elementor-screen-only\">\n\t\t\t\t\t\t\t\tVous\t\t\t\t\t\t\t<\/label>\n\t\t\t\t\t\t\t\t\t\t\t\t\t\t<input size=\"1\" type=\"text\" name=\"form_fields[field_170f716]\" id=\"form-field-field_170f716\" class=\"elementor-field elementor-size-sm  elementor-field-textual\" placeholder=\"Vous \u00eates ?*\" required=\"required\">\n\t\t\t\t\t\t\t\t\t\t\t<\/div>\n\t\t\t\t\t\t\t\t<div class=\"elementor-field-type-text elementor-field-group elementor-column elementor-field-group-field_cd6663c elementor-col-50 elementor-field-required\">\n\t\t\t\t\t\t\t\t\t\t\t\t<label for=\"form-field-field_cd6663c\" class=\"elementor-field-label elementor-screen-only\">\n\t\t\t\t\t\t\t\tObjet\t\t\t\t\t\t\t<\/label>\n\t\t\t\t\t\t\t\t\t\t\t\t\t\t<input size=\"1\" type=\"text\" name=\"form_fields[field_cd6663c]\" id=\"form-field-field_cd6663c\" class=\"elementor-field elementor-size-sm  elementor-field-textual\" placeholder=\"Objet*\" required=\"required\">\n\t\t\t\t\t\t\t\t\t\t\t<\/div>\n\t\t\t\t\t\t\t\t<div class=\"elementor-field-type-textarea elementor-field-group elementor-column elementor-field-group-message elementor-col-100 elementor-field-required\">\n\t\t\t\t\t\t\t\t\t\t\t\t<label for=\"form-field-message\" class=\"elementor-field-label elementor-screen-only\">\n\t\t\t\t\t\t\t\tPr\u00e9cisions\t\t\t\t\t\t\t<\/label>\n\t\t\t\t\t\t<textarea class=\"elementor-field-textual elementor-field  elementor-size-sm\" name=\"form_fields&lt;div class=&#039;q_message &#039; style=&#039;&#039;&gt;&lt;div class=&#039;q_message_inner&#039;&gt;&lt;a href=&#039;#&#039; class=&#039;close&#039; aria-label=&#039;Close message&#039;&gt;&lt;i class=&#039;fa fa-times&#039; style=&#039;&#039;&gt;&lt;\/i&gt;&lt;\/a&gt;&lt;div class=&#039;message_text_holder&#039;&gt;&lt;div class=&#039;message_text&#039;&gt;&lt;div class=&#039;message_text_inner&#039;&gt;&lt;\/div&gt;&lt;\/div&gt;&lt;\/div&gt;&lt;\/div&gt;&lt;\/div&gt;\" id=\"form-field-message\" rows=\"2\" placeholder=\"Pr\u00e9cisions*\" required=\"required\"><\/textarea>\t\t\t\t<\/div>\n\t\t\t\t\t\t\t\t<div class=\"elementor-field-group elementor-column elementor-field-type-submit elementor-col-20 e-form__buttons\">\n\t\t\t\t\t<button class=\"elementor-button elementor-size-sm\" type=\"submit\">\n\t\t\t\t\t\t<span class=\"elementor-button-content-wrapper\">\n\t\t\t\t\t\t\t\t\t\t\t\t\t\t\t\t\t\t\t\t\t\t<span class=\"elementor-button-text\">Envoyer<\/span>\n\t\t\t\t\t\t\t\t\t\t\t\t\t<\/span>\n\t\t\t\t\t<\/button>\n\t\t\t\t<\/div>\n\t\t\t<\/div>\n\t\t<\/form>\n\t\t\t\t\t\t<\/div>\n\t\t\t\t<\/div>\n\t\t\t\t\t<\/div>\n\t\t<\/div>\n\t\t\t\t\t<\/div>\n\t\t<\/section>\n\t\t\t\t<\/div>\n\t\t","protected":false},"excerpt":{"rendered":"<p>BESOIN D&#8217;INFORMATIONS ? Merci de remplir le formulaire ci-dessous, nous reviendrons vers vous dans les plus brefs d\u00e9lais. Standard t\u00e9l\u00e9phonique \u2013\u00a0Lundi au Vendredi \u2013\u00a0\u00a09h30 \u00e0 16h30 +33 6 11 10 28 69 \u00a0\u00a0<\/p>\n","protected":false},"author":1,"featured_media":0,"parent":0,"menu_order":0,"comment_status":"closed","ping_status":"closed","template":"","meta":{"footnotes":""},"class_list":["post-679","page","type-page","status-publish","hentry"],"yoast_head":"<!-- This site is optimized with the Yoast SEO plugin v27.4 - https:\/\/yoast.com\/product\/yoast-seo-wordpress\/ -->\n<title>Contact - Agathe Losay<\/title>\n<meta name=\"robots\" content=\"index, follow, max-snippet:-1, max-image-preview:large, max-video-preview:-1\" \/>\n<link rel=\"canonical\" href=\"https:\/\/agathelosay.com\/en\/contact\/\" \/>\n<meta property=\"og:locale\" content=\"en_US\" \/>\n<meta property=\"og:type\" content=\"article\" \/>\n<meta property=\"og:title\" content=\"Contact - Agathe Losay\" \/>\n<meta property=\"og:description\" content=\"BESOIN D&#8217;INFORMATIONS ? Merci de remplir le formulaire ci-dessous, nous reviendrons vers vous dans les plus brefs d\u00e9lais. Standard t\u00e9l\u00e9phonique \u2013\u00a0Lundi au Vendredi \u2013\u00a0\u00a09h30 \u00e0 16h30 +33 6 11 10 28 69 \u00a0\u00a0\" \/>\n<meta property=\"og:url\" content=\"https:\/\/agathelosay.com\/en\/contact\/\" \/>\n<meta property=\"og:site_name\" content=\"Agathe Losay\" \/>\n<meta property=\"article:modified_time\" content=\"2020-12-21T17:23:30+00:00\" \/>\n<meta property=\"og:image\" content=\"https:\/\/agathelosay.com\/wp-content\/uploads\/2020\/01\/Photo-contact-1.jpg\" \/>\n<meta name=\"twitter:card\" content=\"summary_large_image\" \/>\n<script type=\"application\/ld+json\" class=\"yoast-schema-graph\">{\"@context\":\"https:\\\/\\\/schema.org\",\"@graph\":[{\"@type\":\"WebPage\",\"@id\":\"https:\\\/\\\/agathelosay.com\\\/en\\\/contact\\\/\",\"url\":\"https:\\\/\\\/agathelosay.com\\\/en\\\/contact\\\/\",\"name\":\"Contact - Agathe Losay\",\"isPartOf\":{\"@id\":\"https:\\\/\\\/agathelosay.com\\\/#website\"},\"primaryImageOfPage\":{\"@id\":\"https:\\\/\\\/agathelosay.com\\\/en\\\/contact\\\/#primaryimage\"},\"image\":{\"@id\":\"https:\\\/\\\/agathelosay.com\\\/en\\\/contact\\\/#primaryimage\"},\"thumbnailUrl\":\"https:\\\/\\\/agathelosay.com\\\/wp-content\\\/uploads\\\/2020\\\/01\\\/Photo-contact-1.jpg\",\"datePublished\":\"2019-11-12T09:45:47+00:00\",\"dateModified\":\"2020-12-21T17:23:30+00:00\",\"breadcrumb\":{\"@id\":\"https:\\\/\\\/agathelosay.com\\\/en\\\/contact\\\/#breadcrumb\"},\"inLanguage\":\"en-US\",\"potentialAction\":[{\"@type\":\"ReadAction\",\"target\":[\"https:\\\/\\\/agathelosay.com\\\/en\\\/contact\\\/\"]}]},{\"@type\":\"ImageObject\",\"inLanguage\":\"en-US\",\"@id\":\"https:\\\/\\\/agathelosay.com\\\/en\\\/contact\\\/#primaryimage\",\"url\":\"https:\\\/\\\/agathelosay.com\\\/wp-content\\\/uploads\\\/2020\\\/01\\\/Photo-contact-1.jpg\",\"contentUrl\":\"https:\\\/\\\/agathelosay.com\\\/wp-content\\\/uploads\\\/2020\\\/01\\\/Photo-contact-1.jpg\"},{\"@type\":\"BreadcrumbList\",\"@id\":\"https:\\\/\\\/agathelosay.com\\\/en\\\/contact\\\/#breadcrumb\",\"itemListElement\":[{\"@type\":\"ListItem\",\"position\":1,\"name\":\"Accueil\",\"item\":\"https:\\\/\\\/agathelosay.com\\\/en\\\/\"},{\"@type\":\"ListItem\",\"position\":2,\"name\":\"Contact\"}]},{\"@type\":\"WebSite\",\"@id\":\"https:\\\/\\\/agathelosay.com\\\/#website\",\"url\":\"https:\\\/\\\/agathelosay.com\\\/\",\"name\":\"Agathe Losay\",\"description\":\"\",\"potentialAction\":[{\"@type\":\"SearchAction\",\"target\":{\"@type\":\"EntryPoint\",\"urlTemplate\":\"https:\\\/\\\/agathelosay.com\\\/?s={search_term_string}\"},\"query-input\":{\"@type\":\"PropertyValueSpecification\",\"valueRequired\":true,\"valueName\":\"search_term_string\"}}],\"inLanguage\":\"en-US\"}]}<\/script>\n<!-- \/ Yoast SEO plugin. -->","yoast_head_json":{"title":"Contact - Agathe Losay","robots":{"index":"index","follow":"follow","max-snippet":"max-snippet:-1","max-image-preview":"max-image-preview:large","max-video-preview":"max-video-preview:-1"},"canonical":"https:\/\/agathelosay.com\/en\/contact\/","og_locale":"en_US","og_type":"article","og_title":"Contact - Agathe Losay","og_description":"BESOIN D&#8217;INFORMATIONS ? Merci de remplir le formulaire ci-dessous, nous reviendrons vers vous dans les plus brefs d\u00e9lais. Standard t\u00e9l\u00e9phonique \u2013\u00a0Lundi au Vendredi \u2013\u00a0\u00a09h30 \u00e0 16h30 +33 6 11 10 28 69 \u00a0\u00a0","og_url":"https:\/\/agathelosay.com\/en\/contact\/","og_site_name":"Agathe Losay","article_modified_time":"2020-12-21T17:23:30+00:00","og_image":[{"url":"https:\/\/agathelosay.com\/wp-content\/uploads\/2020\/01\/Photo-contact-1.jpg","type":"","width":"","height":""}],"twitter_card":"summary_large_image","schema":{"@context":"https:\/\/schema.org","@graph":[{"@type":"WebPage","@id":"https:\/\/agathelosay.com\/en\/contact\/","url":"https:\/\/agathelosay.com\/en\/contact\/","name":"Contact - Agathe Losay","isPartOf":{"@id":"https:\/\/agathelosay.com\/#website"},"primaryImageOfPage":{"@id":"https:\/\/agathelosay.com\/en\/contact\/#primaryimage"},"image":{"@id":"https:\/\/agathelosay.com\/en\/contact\/#primaryimage"},"thumbnailUrl":"https:\/\/agathelosay.com\/wp-content\/uploads\/2020\/01\/Photo-contact-1.jpg","datePublished":"2019-11-12T09:45:47+00:00","dateModified":"2020-12-21T17:23:30+00:00","breadcrumb":{"@id":"https:\/\/agathelosay.com\/en\/contact\/#breadcrumb"},"inLanguage":"en-US","potentialAction":[{"@type":"ReadAction","target":["https:\/\/agathelosay.com\/en\/contact\/"]}]},{"@type":"ImageObject","inLanguage":"en-US","@id":"https:\/\/agathelosay.com\/en\/contact\/#primaryimage","url":"https:\/\/agathelosay.com\/wp-content\/uploads\/2020\/01\/Photo-contact-1.jpg","contentUrl":"https:\/\/agathelosay.com\/wp-content\/uploads\/2020\/01\/Photo-contact-1.jpg"},{"@type":"BreadcrumbList","@id":"https:\/\/agathelosay.com\/en\/contact\/#breadcrumb","itemListElement":[{"@type":"ListItem","position":1,"name":"Accueil","item":"https:\/\/agathelosay.com\/en\/"},{"@type":"ListItem","position":2,"name":"Contact"}]},{"@type":"WebSite","@id":"https:\/\/agathelosay.com\/#website","url":"https:\/\/agathelosay.com\/","name":"Agathe Losay","description":"","potentialAction":[{"@type":"SearchAction","target":{"@type":"EntryPoint","urlTemplate":"https:\/\/agathelosay.com\/?s={search_term_string}"},"query-input":{"@type":"PropertyValueSpecification","valueRequired":true,"valueName":"search_term_string"}}],"inLanguage":"en-US"}]}},"_links":{"self":[{"href":"https:\/\/agathelosay.com\/en\/wp-json\/wp\/v2\/pages\/679","targetHints":{"allow":["GET"]}}],"collection":[{"href":"https:\/\/agathelosay.com\/en\/wp-json\/wp\/v2\/pages"}],"about":[{"href":"https:\/\/agathelosay.com\/en\/wp-json\/wp\/v2\/types\/page"}],"author":[{"embeddable":true,"href":"https:\/\/agathelosay.com\/en\/wp-json\/wp\/v2\/users\/1"}],"replies":[{"embeddable":true,"href":"https:\/\/agathelosay.com\/en\/wp-json\/wp\/v2\/comments?post=679"}],"version-history":[{"count":0,"href":"https:\/\/agathelosay.com\/en\/wp-json\/wp\/v2\/pages\/679\/revisions"}],"wp:attachment":[{"href":"https:\/\/agathelosay.com\/en\/wp-json\/wp\/v2\/media?parent=679"}],"curies":[{"name":"wp","href":"https:\/\/api.w.org\/{rel}","templated":true}]}}