{"id":43,"date":"2018-06-01T09:51:31","date_gmt":"2018-06-01T09:51:31","guid":{"rendered":"http:\/\/bridge245.qodeinteractive.com\/?post_type=product&#038;p=43"},"modified":"2022-01-13T08:43:45","modified_gmt":"2022-01-13T08:43:45","slug":"carre-soie-flamant-rose-camargue","status":"publish","type":"product","link":"https:\/\/agathelosay.com\/en\/product\/carre-soie-flamant-rose-camargue\/","title":{"rendered":"Carr\u00e9 &#8211; Flamant Rose"},"content":{"rendered":"<p>Mati\u00e8re \u00a0\u00a0\u00a0\u00a0 \u00a0 \u00a0 \u00a0\u00a0 <strong>Cr\u00eape de soie<\/strong><\/p>\n<p>&nbsp;<\/p>\n<p>Dimensions\u00a0\u00a0\u00a0\u00a0 <strong>63 x 63 cm<\/strong><\/p>\n<p>&nbsp;<\/p>\n<p>Finitions\u00a0\u00a0\u00a0\u00a0\u00a0\u00a0\u00a0 \u00a0\u00a0 <strong>Roulott\u00e9 \u00e0 la main<\/strong><\/p>\n<p>&nbsp;<\/p>\n<p>Entretien<strong> \u00a0\u00a0 \u00a0 \u00a0 \u00a0 Lavage \u00e0 sec<\/strong><\/p>\n<div id=\"sconnect-is-installed\" style=\"display: none;\"><\/div>\n<div id=\"sconnect-is-installed\" style=\"display: none;\"><\/div>\n<div id=\"sconnect-is-installed\" style=\"display: none;\"><\/div>\n","protected":false},"excerpt":{"rendered":"<p><em><strong>Tous les foulards d&#8217;Agathe Losay sont r\u00e9alis\u00e9s \u00e0 partir de ses collages originaux.<\/strong><\/em><\/p>\n<div id=\"sconnect-is-installed\" style=\"display: none;\"><\/div>\n<div id=\"sconnect-is-installed\" style=\"display: none;\"><\/div>\n<div id=\"sconnect-is-installed\" style=\"display: none;\"><\/div>\n","protected":false},"featured_media":415,"template":"","meta":[],"product_brand":[],"product_cat":[36,32],"product_tag":[],"class_list":{"0":"post-43","1":"product","2":"type-product","3":"status-publish","4":"has-post-thumbnail","6":"product_cat-63x63","7":"product_cat-foulards-en","9":"first","10":"instock","11":"shipping-taxable","12":"purchasable","13":"product-type-simple"},"yoast_head":"<!-- This site is optimized with the Yoast SEO plugin v27.4 - https:\/\/yoast.com\/product\/yoast-seo-wordpress\/ -->\n<title>Carr\u00e9 - Flamant Rose - Agathe Losay<\/title>\n<meta name=\"robots\" content=\"index, follow, max-snippet:-1, max-image-preview:large, max-video-preview:-1\" \/>\n<link rel=\"canonical\" href=\"https:\/\/agathelosay.com\/produit\/carre-soie-flamant-rose-camargue\/\" \/>\n<meta property=\"og:locale\" content=\"en_US\" \/>\n<meta property=\"og:type\" content=\"article\" \/>\n<meta property=\"og:title\" content=\"Carr\u00e9 - Flamant Rose - Agathe Losay\" \/>\n<meta property=\"og:description\" content=\"Tous les foulards d&#039;Agathe Losay sont r\u00e9alis\u00e9s \u00e0 partir de ses collages originaux.\" \/>\n<meta property=\"og:url\" content=\"https:\/\/agathelosay.com\/produit\/carre-soie-flamant-rose-camargue\/\" \/>\n<meta property=\"og:site_name\" content=\"Agathe Losay\" \/>\n<meta property=\"article:modified_time\" content=\"2022-01-13T08:43:45+00:00\" \/>\n<meta property=\"og:image\" content=\"https:\/\/agathelosay.com\/wp-content\/uploads\/2018\/06\/Flamant-Rose-ok.jpg\" \/>\n\t<meta property=\"og:image:width\" content=\"1080\" \/>\n\t<meta property=\"og:image:height\" content=\"1082\" \/>\n\t<meta property=\"og:image:type\" content=\"image\/jpeg\" \/>\n<meta name=\"twitter:card\" content=\"summary_large_image\" \/>\n<script type=\"application\/ld+json\" class=\"yoast-schema-graph\">{\"@context\":\"https:\\\/\\\/schema.org\",\"@graph\":[{\"@type\":\"WebPage\",\"@id\":\"https:\\\/\\\/agathelosay.com\\\/produit\\\/carre-soie-flamant-rose-camargue\\\/\",\"url\":\"https:\\\/\\\/agathelosay.com\\\/produit\\\/carre-soie-flamant-rose-camargue\\\/\",\"name\":\"Carr\u00e9 - Flamant Rose - Agathe Losay\",\"isPartOf\":{\"@id\":\"https:\\\/\\\/agathelosay.com\\\/#website\"},\"primaryImageOfPage\":{\"@id\":\"https:\\\/\\\/agathelosay.com\\\/produit\\\/carre-soie-flamant-rose-camargue\\\/#primaryimage\"},\"image\":{\"@id\":\"https:\\\/\\\/agathelosay.com\\\/produit\\\/carre-soie-flamant-rose-camargue\\\/#primaryimage\"},\"thumbnailUrl\":\"https:\\\/\\\/agathelosay.com\\\/wp-content\\\/uploads\\\/2018\\\/06\\\/Flamant-Rose-ok.jpg\",\"datePublished\":\"2018-06-01T09:51:31+00:00\",\"dateModified\":\"2022-01-13T08:43:45+00:00\",\"breadcrumb\":{\"@id\":\"https:\\\/\\\/agathelosay.com\\\/produit\\\/carre-soie-flamant-rose-camargue\\\/#breadcrumb\"},\"inLanguage\":\"en-US\",\"potentialAction\":[{\"@type\":\"ReadAction\",\"target\":[\"https:\\\/\\\/agathelosay.com\\\/produit\\\/carre-soie-flamant-rose-camargue\\\/\"]}]},{\"@type\":\"ImageObject\",\"inLanguage\":\"en-US\",\"@id\":\"https:\\\/\\\/agathelosay.com\\\/produit\\\/carre-soie-flamant-rose-camargue\\\/#primaryimage\",\"url\":\"https:\\\/\\\/agathelosay.com\\\/wp-content\\\/uploads\\\/2018\\\/06\\\/Flamant-Rose-ok.jpg\",\"contentUrl\":\"https:\\\/\\\/agathelosay.com\\\/wp-content\\\/uploads\\\/2018\\\/06\\\/Flamant-Rose-ok.jpg\",\"width\":1080,\"height\":1082},{\"@type\":\"BreadcrumbList\",\"@id\":\"https:\\\/\\\/agathelosay.com\\\/produit\\\/carre-soie-flamant-rose-camargue\\\/#breadcrumb\",\"itemListElement\":[{\"@type\":\"ListItem\",\"position\":1,\"name\":\"Accueil\",\"item\":\"https:\\\/\\\/agathelosay.com\\\/en\\\/\"},{\"@type\":\"ListItem\",\"position\":2,\"name\":\"Pas boutique\",\"item\":\"https:\\\/\\\/agathelosay.com\\\/pas-boutique\\\/\"},{\"@type\":\"ListItem\",\"position\":3,\"name\":\"Carr\u00e9 &#8211; Flamant Rose\"}]},{\"@type\":\"WebSite\",\"@id\":\"https:\\\/\\\/agathelosay.com\\\/#website\",\"url\":\"https:\\\/\\\/agathelosay.com\\\/\",\"name\":\"Agathe Losay\",\"description\":\"\",\"potentialAction\":[{\"@type\":\"SearchAction\",\"target\":{\"@type\":\"EntryPoint\",\"urlTemplate\":\"https:\\\/\\\/agathelosay.com\\\/?s={search_term_string}\"},\"query-input\":{\"@type\":\"PropertyValueSpecification\",\"valueRequired\":true,\"valueName\":\"search_term_string\"}}],\"inLanguage\":\"en-US\"}]}<\/script>\n<!-- \/ Yoast SEO plugin. -->","yoast_head_json":{"title":"Carr\u00e9 - Flamant Rose - Agathe Losay","robots":{"index":"index","follow":"follow","max-snippet":"max-snippet:-1","max-image-preview":"max-image-preview:large","max-video-preview":"max-video-preview:-1"},"canonical":"https:\/\/agathelosay.com\/produit\/carre-soie-flamant-rose-camargue\/","og_locale":"en_US","og_type":"article","og_title":"Carr\u00e9 - Flamant Rose - Agathe Losay","og_description":"Tous les foulards d'Agathe Losay sont r\u00e9alis\u00e9s \u00e0 partir de ses collages originaux.","og_url":"https:\/\/agathelosay.com\/produit\/carre-soie-flamant-rose-camargue\/","og_site_name":"Agathe Losay","article_modified_time":"2022-01-13T08:43:45+00:00","og_image":[{"width":1080,"height":1082,"url":"https:\/\/agathelosay.com\/wp-content\/uploads\/2018\/06\/Flamant-Rose-ok.jpg","type":"image\/jpeg"}],"twitter_card":"summary_large_image","schema":{"@context":"https:\/\/schema.org","@graph":[{"@type":"WebPage","@id":"https:\/\/agathelosay.com\/produit\/carre-soie-flamant-rose-camargue\/","url":"https:\/\/agathelosay.com\/produit\/carre-soie-flamant-rose-camargue\/","name":"Carr\u00e9 - Flamant Rose - Agathe Losay","isPartOf":{"@id":"https:\/\/agathelosay.com\/#website"},"primaryImageOfPage":{"@id":"https:\/\/agathelosay.com\/produit\/carre-soie-flamant-rose-camargue\/#primaryimage"},"image":{"@id":"https:\/\/agathelosay.com\/produit\/carre-soie-flamant-rose-camargue\/#primaryimage"},"thumbnailUrl":"https:\/\/agathelosay.com\/wp-content\/uploads\/2018\/06\/Flamant-Rose-ok.jpg","datePublished":"2018-06-01T09:51:31+00:00","dateModified":"2022-01-13T08:43:45+00:00","breadcrumb":{"@id":"https:\/\/agathelosay.com\/produit\/carre-soie-flamant-rose-camargue\/#breadcrumb"},"inLanguage":"en-US","potentialAction":[{"@type":"ReadAction","target":["https:\/\/agathelosay.com\/produit\/carre-soie-flamant-rose-camargue\/"]}]},{"@type":"ImageObject","inLanguage":"en-US","@id":"https:\/\/agathelosay.com\/produit\/carre-soie-flamant-rose-camargue\/#primaryimage","url":"https:\/\/agathelosay.com\/wp-content\/uploads\/2018\/06\/Flamant-Rose-ok.jpg","contentUrl":"https:\/\/agathelosay.com\/wp-content\/uploads\/2018\/06\/Flamant-Rose-ok.jpg","width":1080,"height":1082},{"@type":"BreadcrumbList","@id":"https:\/\/agathelosay.com\/produit\/carre-soie-flamant-rose-camargue\/#breadcrumb","itemListElement":[{"@type":"ListItem","position":1,"name":"Accueil","item":"https:\/\/agathelosay.com\/en\/"},{"@type":"ListItem","position":2,"name":"Pas boutique","item":"https:\/\/agathelosay.com\/pas-boutique\/"},{"@type":"ListItem","position":3,"name":"Carr\u00e9 &#8211; Flamant Rose"}]},{"@type":"WebSite","@id":"https:\/\/agathelosay.com\/#website","url":"https:\/\/agathelosay.com\/","name":"Agathe Losay","description":"","potentialAction":[{"@type":"SearchAction","target":{"@type":"EntryPoint","urlTemplate":"https:\/\/agathelosay.com\/?s={search_term_string}"},"query-input":{"@type":"PropertyValueSpecification","valueRequired":true,"valueName":"search_term_string"}}],"inLanguage":"en-US"}]}},"_links":{"self":[{"href":"https:\/\/agathelosay.com\/en\/wp-json\/wp\/v2\/product\/43","targetHints":{"allow":["GET"]}}],"collection":[{"href":"https:\/\/agathelosay.com\/en\/wp-json\/wp\/v2\/product"}],"about":[{"href":"https:\/\/agathelosay.com\/en\/wp-json\/wp\/v2\/types\/product"}],"wp:featuredmedia":[{"embeddable":true,"href":"https:\/\/agathelosay.com\/en\/wp-json\/wp\/v2\/media\/415"}],"wp:attachment":[{"href":"https:\/\/agathelosay.com\/en\/wp-json\/wp\/v2\/media?parent=43"}],"wp:term":[{"taxonomy":"product_brand","embeddable":true,"href":"https:\/\/agathelosay.com\/en\/wp-json\/wp\/v2\/product_brand?post=43"},{"taxonomy":"product_cat","embeddable":true,"href":"https:\/\/agathelosay.com\/en\/wp-json\/wp\/v2\/product_cat?post=43"},{"taxonomy":"product_tag","embeddable":true,"href":"https:\/\/agathelosay.com\/en\/wp-json\/wp\/v2\/product_tag?post=43"}],"curies":[{"name":"wp","href":"https:\/\/api.w.org\/{rel}","templated":true}]}}